{"id":417,"date":"2025-05-08T10:10:34","date_gmt":"2025-05-08T10:10:34","guid":{"rendered":"urn:uuid:63633334-6539-5564-a661-393833323264"},"modified":"2025-06-06T13:01:27","modified_gmt":"2025-06-06T13:01:27","slug":"sobre-nos","status":"publish","type":"page","link":"https:\/\/spotazores.com\/en\/sobre-nos\/","title":{"rendered":"About Us"},"content":{"rendered":"\n<h1 class=\"wp-block-heading titleXL\">About SpotAzores<\/h1>\n\n\n\n<p><\/p>\n\n\n\n<figure class=\"wp-block-image size-large is-style-default introImg\"><img loading=\"lazy\" decoding=\"async\" width=\"1024\" height=\"684\" src=\"http:\/\/spotazores.miguel.wp01.lavaimagem.info\/\/wp-content\/uploads\/2025\/05\/aboutus-1024x684.webp\" alt=\"Fire Lake\" class=\"wp-image-92\" style=\"object-fit:cover\" srcset=\"https:\/\/spotazores.com\/wp-content\/uploads\/2025\/05\/aboutus-1024x684.webp 1024w, https:\/\/spotazores.com\/wp-content\/uploads\/2025\/05\/aboutus-300x200.webp 300w, https:\/\/spotazores.com\/wp-content\/uploads\/2025\/05\/aboutus-768x513.webp 768w, https:\/\/spotazores.com\/wp-content\/uploads\/2025\/05\/aboutus.webp 1280w\" sizes=\"auto, (max-width: 1024px) 100vw, 1024px\" \/><\/figure>\n\n\n\n<p><\/p>\n\n\n\n<h2 class=\"wp-block-heading titleL\">Our Misson<\/h2>\n\n\n\n<div class=\"wp-block-columns is-layout-flex wp-container-core-columns-is-layout-9d6595d7 wp-block-columns-is-layout-flex\">\n<div class=\"wp-block-column is-layout-flow wp-block-column-is-layout-flow\">\n<p>SpotAzores was born with a simple but profound purpose: to bring people closer to the Azores, wherever they are in the world. In 2012, we began this digital journey to create a virtual window to the archipelago, allowing emigrants to relive their homesickness, tourists to plan their visits with greater knowledge, and the Azoreans themselves to rediscover the beauty of their islands.<\/p>\n<\/div>\n\n\n\n<div class=\"wp-block-column is-layout-flow wp-block-column-is-layout-flow\">\n<p>Today, we remain committed to providing the best possible experience, connecting people through real-time images that capture the unique essence of the Azores \u2014 the unpredictable weather, the stunning landscapes, the ever-changing sea, and the daily life of this paradise in the middle of the Atlantic.<\/p>\n<\/div>\n<\/div>\n\n\n\n<div style=\"height:64px\" aria-hidden=\"true\" class=\"wp-block-spacer\"><\/div>\n\n\n\n<div class=\"wp-block-columns is-layout-flex wp-container-core-columns-is-layout-9d6595d7 wp-block-columns-is-layout-flex\">\n<div class=\"wp-block-column is-layout-flow wp-block-column-is-layout-flow\">\n<figure class=\"wp-block-image size-full imgImpactAndRecognition\"><img loading=\"lazy\" decoding=\"async\" width=\"1280\" height=\"960\" src=\"http:\/\/spotazores.miguel.wp01.lavaimagem.info\/\/wp-content\/uploads\/2025\/05\/sao-lourenco-1.webp\" alt=\"Ba\u00eda de S\u00e3o Louren\u00e7o\" class=\"wp-image-153\" srcset=\"https:\/\/spotazores.com\/wp-content\/uploads\/2025\/05\/sao-lourenco-1.webp 1280w, https:\/\/spotazores.com\/wp-content\/uploads\/2025\/05\/sao-lourenco-1-300x225.webp 300w, https:\/\/spotazores.com\/wp-content\/uploads\/2025\/05\/sao-lourenco-1-1024x768.webp 1024w, https:\/\/spotazores.com\/wp-content\/uploads\/2025\/05\/sao-lourenco-1-768x576.webp 768w\" sizes=\"auto, (max-width: 1280px) 100vw, 1280px\" \/><\/figure>\n<\/div>\n\n\n\n<div class=\"wp-block-column is-layout-flow wp-block-column-is-layout-flow\">\n<h2 class=\"wp-block-heading titleL\">Impact and Recognition<\/h2>\n\n\n\n<p>Over the years, SpotAzores has become more than just a website \u2014 it has become a global community of Azores enthusiasts. With millions of monthly views from over 150 countries, our platform has been recognized for:<\/p>\n\n\n\n<div style=\"display:flex; align-items:flex-start; margin-bottom:12px\">\n<div><svg width=\"24\" height=\"24\" viewBox=\"0 0 24 24\" fill=\"none\" xmlns=\"http:\/\/www.w3.org\/2000\/svg\">\n<path d=\"M22 12C22 6.48 17.52 2 12 2C6.48 2 2 6.48 2 12C2 17.52 6.48 22 12 22C17.52 22 22 17.52 22 12ZM12 13H8V11H12V8L16 12L12 16V13Z\" fill=\"#1F92FF\"\/>\n<\/svg><\/div>\n<div><p style=\"margin-bottom:0; margin-left:8px\">Digital Innovation Award in the Azores (2016)<\/p><\/div>\n<\/div>\n<div style=\"display:flex; align-items:flex-start; margin-bottom:12px\">\n<div>\n  <svg width=\"24\" height=\"24\" viewBox=\"0 0 24 24\" fill=\"none\" xmlns=\"http:\/\/www.w3.org\/2000\/svg\">\n<path d=\"M22 12C22 6.48 17.52 2 12 2C6.48 2 2 6.48 2 12C2 17.52 6.48 22 12 22C17.52 22 22 17.52 22 12ZM12 13H8V11H12V8L16 12L12 16V13Z\" fill=\"#1F92FF\"\/>\n  <\/svg>\n<\/div>\n<div>\n<p style=\"margin-bottom:0; margin-left:8px\">Featured in international publications such as National Geographic and Cond\u00e9 Nast Traveler<\/p><\/div>\n<\/div>\n<div style=\"display:flex; align-items:flex-start; margin-bottom:12px\">\n<div><svg width=\"24\" height=\"24\" viewBox=\"0 0 24 24\" fill=\"none\" xmlns=\"http:\/\/www.w3.org\/2000\/svg\">\n<path d=\"M22 12C22 6.48 17.52 2 12 2C6.48 2 2 6.48 2 12C2 17.52 6.48 22 12 22C17.52 22 22 17.52 22 12ZM12 13H8V11H12V8L16 12L12 16V13Z\" fill=\"#1F92FF\"\/>\n<\/svg><\/div>\n<div><p style=\"margin-bottom:0; margin-left:8px\">Official partnership with the Azores Tourism Association<\/p><\/div>\n<\/div>\n\n\n\n<div style=\"height:32px\" aria-hidden=\"true\" class=\"wp-block-spacer\"><\/div>\n\n\n\n<div class=\"quotationMarkContainer\" style=\"background-color:#EAFDFF; padding:64px;\">\n  <svg width=\"88\" height=\"64\" viewBox=\"0 0 88 64\" fill=\"none\" xmlns=\"http:\/\/www.w3.org\/2000\/svg\">\n<path d=\"M36.6951 9.62894C35.2649 7.29152 33.4097 5.2766 31.2368 3.70075C29.0639 2.1249 26.6164 1.0194 24.036 0.448221C21.4556 -0.122963 18.7935 -0.148494 16.2037 0.373104C13.6139 0.894702 11.1478 1.95307 8.94807 3.48699C6.74838 5.0209 4.85874 6.99991 3.3885 9.30951C1.91825 11.6191 0.896585 14.2134 0.382604 16.9424C-0.131377 19.6714 -0.127468 22.4809 0.394105 25.2083C0.915678 27.9356 1.94456 30.5268 3.42123 32.8318L22.5504 63.2082C22.8 63.5982 23.1845 63.8694 23.6214 63.9636C24.0583 64.0578 24.5128 63.9675 24.8874 63.7121L33.8013 57.4956C33.986 57.3678 34.1448 57.2026 34.2685 57.0095C34.3921 56.8165 34.4782 56.5994 34.5217 56.3709C34.5651 56.1424 34.5651 55.9071 34.5217 55.6786C34.4782 55.4501 34.3921 55.233 34.2685 55.0399L26.5905 42.8285C26.0775 42.0163 26.0775 41.2334 26.5905 41.0699C28.17 40.4874 29.6727 39.6947 31.0622 38.711C33.2443 37.1944 35.1215 35.2385 36.5861 32.9551C38.0508 30.6717 39.0741 28.1057 39.5975 25.4043C40.1208 22.7029 40.134 19.919 39.6361 17.2122C39.1383 14.5054 38.1393 11.9288 36.6963 9.63011\" fill=\"#1F92FF\"\/>\n<path d=\"M84.6951 9.62894C83.2649 7.29152 81.4097 5.2766 79.2368 3.70075C77.0639 2.1249 74.6164 1.0194 72.036 0.448221C69.4556 -0.122963 66.7935 -0.148494 64.2037 0.373104C61.6139 0.894702 59.1478 1.95307 56.9481 3.48699C54.7484 5.0209 52.8587 6.99991 51.3885 9.30951C49.9183 11.6191 48.8966 14.2134 48.3826 16.9424C47.8686 19.6714 47.8725 22.4809 48.3941 25.2083C48.9157 27.9356 49.9446 30.5268 51.4212 32.8318L70.5504 63.2082C70.8 63.5982 71.1845 63.8694 71.6214 63.9636C72.0583 64.0578 72.5128 63.9675 72.8874 63.7121L81.8013 57.4956C81.986 57.3678 82.1448 57.2026 82.2685 57.0095C82.3921 56.8165 82.4782 56.5994 82.5217 56.3709C82.5651 56.1424 82.5651 55.9071 82.5217 55.6786C82.4782 55.4501 82.3921 55.233 82.2685 55.0399L74.5905 42.8285C74.0775 42.0163 74.0775 41.2334 74.5905 41.0699C76.17 40.4874 77.6727 39.6947 79.0622 38.711C81.2443 37.1944 83.1215 35.2385 84.5861 32.9551C86.0508 30.6717 87.0741 28.1057 87.5975 25.4043C88.1208 22.7029 88.134 19.919 87.6361 17.2122C87.1383 14.5054 86.1393 11.9288 84.6963 9.63011\" fill=\"#1F92FF\"\/>\n<\/svg>\n  <p class=\"quotationText\" style=\"color:#1F92FF; font-size:28px; line-height:36px; margin-top:16px;\">Seeing the Azores in real time has brought millions of people together around the world, bringing together those who are far away and inspiring those who dream of visiting.<\/p>\n<\/div>\n<\/div>\n<\/div>\n\n\n\n<div style=\"height:64px\" aria-hidden=\"true\" class=\"wp-block-spacer\"><\/div>\n\n\n\n<span style=\"margin-bottom:8px; color:#0D49BD;\">Contacts<\/span>\n<h2 class=\"titleL\">Get in touch<\/h2>\n<p>Email: geral@spotazores.com<\/p>\n<div style=\"display:flex; align-items:center; gap:32px; margin-top:32px;\">\n<a class=\"link\" href=\"https:\/\/www.instagram.com\/spotazores\/\" target=\"_blank\" rel=\"noopener noreferrer nofollow\">\n <svg width=\"24\" height=\"24\" viewBox=\"0 0 24 24\" fill=\"none\" xmlns=\"http:\/\/www.w3.org\/2000\/svg\">\n<path d=\"M16.3751 3.24984C17.5344 3.25331 18.6453 3.71539 19.4651 4.53517C20.2849 5.35495 20.7469 6.46582 20.7504 7.62516V16.3748C20.7469 17.5342 20.2849 18.6451 19.4651 19.4648C18.6453 20.2846 17.5344 20.7467 16.3751 20.7502H7.6254C6.46606 20.7467 5.35519 20.2846 4.53541 19.4648C3.71563 18.6451 3.25355 17.5342 3.25009 16.3748V7.62516C3.25355 6.46582 3.71563 5.35495 4.53541 4.53517C5.35519 3.71539 6.46606 3.25331 7.6254 3.24984H16.3751ZM16.3751 1.5H7.6254C4.25649 1.5 1.50024 4.25625 1.50024 7.62516V16.3748C1.50024 19.7437 4.25649 22.5 7.6254 22.5H16.3751C19.744 22.5 22.5002 19.7437 22.5002 16.3748V7.62516C22.5002 4.25625 19.744 1.5 16.3751 1.5Z\" fill=\"#1F92FF\"\/>\n<path d=\"M17.6875 7.62524C17.4279 7.62524 17.1742 7.54826 16.9583 7.40405C16.7425 7.25983 16.5742 7.05484 16.4749 6.81501C16.3756 6.57519 16.3496 6.31129 16.4002 6.05669C16.4509 5.80209 16.5759 5.56822 16.7594 5.38467C16.943 5.20111 17.1768 5.07611 17.4314 5.02546C17.686 4.97482 17.9499 5.00081 18.1898 5.10015C18.4296 5.19949 18.6346 5.36772 18.7788 5.58356C18.923 5.7994 19 6.05316 19 6.31274C19.0004 6.48521 18.9667 6.65605 18.9008 6.81545C18.835 6.97486 18.7384 7.1197 18.6164 7.24165C18.4945 7.3636 18.3496 7.46026 18.1902 7.52609C18.0308 7.59192 17.86 7.62561 17.6875 7.62524Z\" fill=\"#1F92FF\"\/>\n<path d=\"M12.0002 8.49984C12.6925 8.49984 13.3692 8.70512 13.9448 9.08973C14.5204 9.47433 14.969 10.021 15.234 10.6605C15.4989 11.3001 15.5682 12.0039 15.4331 12.6828C15.2981 13.3618 14.9647 13.9855 14.4752 14.475C13.9857 14.9645 13.362 15.2978 12.6831 15.4329C12.0041 15.568 11.3004 15.4986 10.6608 15.2337C10.0212 14.9688 9.47457 14.5202 9.08997 13.9446C8.70537 13.369 8.50009 12.6923 8.50009 12C8.50108 11.072 8.87016 10.1823 9.52635 9.52611C10.1825 8.86992 11.0722 8.50084 12.0002 8.49984ZM12.0002 6.75C10.9619 6.75 9.94686 7.05791 9.0835 7.63478C8.22014 8.21166 7.54724 9.0316 7.14988 9.99091C6.75252 10.9502 6.64855 12.0058 6.85112 13.0242C7.0537 14.0426 7.55371 14.9781 8.28793 15.7123C9.02216 16.4465 9.95762 16.9466 10.976 17.1491C11.9944 17.3517 13.05 17.2477 14.0093 16.8504C14.9686 16.453 15.7886 15.7801 16.3654 14.9167C16.9423 14.0534 17.2502 13.0384 17.2502 12C17.2502 10.6076 16.6971 9.27226 15.7125 8.28769C14.728 7.30312 13.3926 6.75 12.0002 6.75Z\" fill=\"#1F92FF\"\/>\n<\/svg>    \n<\/a>\n\n<a class=\"link\" href=\"https:\/\/www.facebook.com\/spotazores\/?locale=pt_PT\" target=\"_blank\" rel=\"noopener noreferrer nofollow\">\n  <svg width=\"24\" height=\"25\" viewBox=\"0 0 24 25\" fill=\"none\" xmlns=\"http:\/\/www.w3.org\/2000\/svg\">\n<path d=\"M21.9985 4.42198V20.1356C21.9985 20.4171 21.9431 20.6958 21.8354 20.9558C21.7277 21.2158 21.5698 21.4521 21.3708 21.6511C21.1718 21.8501 20.9355 22.008 20.6755 22.1157C20.4155 22.2234 20.1368 22.2788 19.8554 22.2788H13.7069V15.454H16.2893L16.7811 12.2568H13.7069V10.1839C13.6806 9.94219 13.7097 9.69761 13.7921 9.46881C13.8745 9.24002 14.0081 9.03304 14.1825 8.86364C14.357 8.69424 14.5679 8.56689 14.799 8.49126C15.0301 8.41564 15.2755 8.39375 15.5163 8.42725H16.9305V5.7922C16.1109 5.663 15.2831 5.59255 14.4535 5.5814C11.9239 5.5814 10.2726 7.10973 10.2726 9.88531V12.3271H7.45308V15.454H10.2726V22.2525H4.12414C3.56332 22.2479 3.02663 22.0237 2.62924 21.6279C2.23184 21.2322 2.00541 20.6964 1.99854 20.1356V4.42198C1.99854 3.85358 2.22433 3.30845 2.62626 2.90653C3.02818 2.50461 3.5733 2.27881 4.14171 2.27881H19.8554C20.1368 2.27881 20.4155 2.33424 20.6755 2.44195C20.9355 2.54965 21.1718 2.70752 21.3708 2.90653C21.5698 3.10554 21.7277 3.3418 21.8354 3.60182C21.9431 3.86184 21.9985 4.14053 21.9985 4.42198Z\" fill=\"#1F92FF\"\/>\n<\/svg>                   \n<\/a>\n\n<a class=\"link\" href=\" https:\/\/www.linkedin.com\/company\/spotazores-com\" target=\"_blank\" rel=\"noopener noreferrer\">\n  <svg width=\"24\" height=\"25\" viewBox=\"0 0 24 25\" fill=\"none\" xmlns=\"http:\/\/www.w3.org\/2000\/svg\">\n<path d=\"M1.9988 4.5557C2.03582 3.93948 2.30504 3.36072 2.75148 2.93758C3.19793 2.51443 3.78795 2.27881 4.40108 2.27881C5.01421 2.27881 5.60423 2.51443 6.05067 2.93758C6.49712 3.36072 6.76634 3.93948 6.80336 4.5557C6.80338 5.20002 6.55038 5.81821 6.09954 6.27546C5.6487 6.73271 5.03659 6.99194 4.39669 6.99661C3.75759 6.99193 3.14639 6.73242 2.69694 6.27492C2.2475 5.81741 1.99645 5.1992 1.9988 4.5557ZM2.33257 22.2434V8.83613H6.47837V22.2788L2.33257 22.2434ZM17.853 22.2434V15.699C17.853 14.1425 17.853 12.1614 15.701 12.1614C13.5491 12.1614 13.2153 13.8594 13.2153 15.6105V22.27H9.0695V8.83613H13.0484V10.6668H13.1099C13.5105 9.98566 14.0853 9.42526 14.7744 9.04413C15.4635 8.663 16.2415 8.47511 17.0273 8.50007C21.2258 8.50007 21.9988 11.277 21.9988 14.8942V22.2788H17.853V22.2434Z\" fill=\"#1F92FF\"\/>\n<\/svg>                      \n<\/a>\n<a class=\"link\" href=\"https:\/\/www.youtube.com\/@SPOTAZORESLIVE\" target=\"_blank\" rel=\"noopener noreferrer nofollow\">\n  <svg width=\"24\" height=\"25\" viewBox=\"0 0 24 25\" fill=\"none\" xmlns=\"http:\/\/www.w3.org\/2000\/svg\">\n<path d=\"M22.9994 12.2952C23.0106 14.142 22.8567 15.9859 22.5397 17.8034C22.4152 18.2846 22.1689 18.7228 21.8262 19.0729C21.4836 19.423 21.0569 19.6723 20.5901 19.7952C18.8783 20.2788 11.9994 20.2788 11.9994 20.2788C11.9994 20.2788 5.1204 20.2788 3.37688 19.7952C2.91596 19.6672 2.49588 19.4157 2.15911 19.0659C1.82235 18.7162 1.58084 18.2806 1.45901 17.8034C1.14202 15.9859 0.988144 14.142 0.999359 12.2952C0.988063 10.4457 1.14193 8.59905 1.45901 6.77881C1.58253 6.29882 1.82408 5.86009 2.16017 5.5053C2.49626 5.15051 2.91542 4.89175 3.37688 4.75422C5.1204 4.27881 11.9994 4.27881 11.9994 4.27881C11.9994 4.27881 18.8783 4.27881 20.5901 4.75422C21.0574 4.88682 21.4832 5.14338 21.8251 5.49849C22.1671 5.85361 22.4134 6.29495 22.5397 6.77881C22.8568 8.59905 23.0107 10.4457 22.9994 12.2952ZM15.5022 12.2952L9.71694 8.90996V15.6804L15.5022 12.2952Z\" fill=\"#1F92FF\"\/>\n<\/svg>                      \n<\/a>\n<\/div>\n","protected":false},"excerpt":{"rendered":"<p>About SpotAzores Our Misson SpotAzores was born with a simple but profound purpose: to bring people closer to the Azores, wherever they are in the world. In 2012, we began this digital journey to create a virtual window to the archipelago, allowing emigrants to relive their homesickness, tourists to plan their visits with greater knowledge, [&hellip;]<\/p>\n","protected":false},"author":1,"featured_media":446,"parent":0,"menu_order":0,"comment_status":"closed","ping_status":"closed","template":"page-about-us.php","meta":{"_acf_changed":false,"footnotes":""},"class_list":["post-417","page","type-page","status-publish","has-post-thumbnail","hentry"],"acf":[],"_links":{"self":[{"href":"https:\/\/spotazores.com\/en\/wp-json\/wp\/v2\/pages\/417","targetHints":{"allow":["GET"]}}],"collection":[{"href":"https:\/\/spotazores.com\/en\/wp-json\/wp\/v2\/pages"}],"about":[{"href":"https:\/\/spotazores.com\/en\/wp-json\/wp\/v2\/types\/page"}],"author":[{"embeddable":true,"href":"https:\/\/spotazores.com\/en\/wp-json\/wp\/v2\/users\/1"}],"replies":[{"embeddable":true,"href":"https:\/\/spotazores.com\/en\/wp-json\/wp\/v2\/comments?post=417"}],"version-history":[{"count":7,"href":"https:\/\/spotazores.com\/en\/wp-json\/wp\/v2\/pages\/417\/revisions"}],"predecessor-version":[{"id":806,"href":"https:\/\/spotazores.com\/en\/wp-json\/wp\/v2\/pages\/417\/revisions\/806"}],"wp:featuredmedia":[{"embeddable":true,"href":"https:\/\/spotazores.com\/en\/wp-json\/wp\/v2\/media\/446"}],"wp:attachment":[{"href":"https:\/\/spotazores.com\/en\/wp-json\/wp\/v2\/media?parent=417"}],"curies":[{"name":"wp","href":"https:\/\/api.w.org\/{rel}","templated":true}]}}